{"id":43,"date":"2022-02-02T09:43:08","date_gmt":"2022-02-02T09:43:08","guid":{"rendered":"https:\/\/mesa-dog.ch\/?page_id=43"},"modified":"2023-09-05T15:58:39","modified_gmt":"2023-09-05T15:58:39","slug":"blog","status":"publish","type":"page","link":"https:\/\/mesa-dog.ch\/?page_id=43","title":{"rendered":"Angebot"},"content":{"rendered":"\n<div style=\"height:100px\" aria-hidden=\"true\" class=\"wp-block-spacer\"><\/div>\n\n\n\n<h1 class=\"wp-block-heading alignwide has-text-align-center\">Mantrailing &#8211; Personensuche<\/h1>\n\n\n\n<div style=\"height:100px\" aria-hidden=\"true\" class=\"wp-block-spacer\"><\/div>\n\n\n\n<div class=\"wp-block-group alignfull\"><div class=\"wp-block-group__inner-container is-layout-constrained wp-block-group-is-layout-constrained\">\n<div class=\"wp-block-media-text alignwide has-media-on-the-right is-stacked-on-mobile is-vertically-aligned-top\" style=\"grid-template-columns:auto 28%\"><div class=\"wp-block-media-text__content\">\n<p>Als Team zum gemeinsamen Erfolg.&nbsp;<\/p>\n\n\n\n<p>Du und dein Vierbeiner gehen zusammen auf Spurensuche. Ziel ist es durch einen Geruchsgegenstand die vermisste \/ versteckte Person aufzusp\u00fcren. Das gemeinsame Tun mit deinem Hund, st\u00e4rkt die Bindung, macht Spass und l\u00f6st Gl\u00fccksgef\u00fchle aus.<\/p>\n\n\n\n<p>Damit sich jedes Team unter Beweis stellen kann, beschr\u00e4nkt sich die Teamanzahl pro Training auf 4.<\/p>\n\n\n\n<p>Wir treffen uns jeweils an einem bestimmten Ort, der vorg\u00e4ngig mitgeteilt wird und die beanspruchte Zeit betr\u00e4gt ca. 2,5 Stunden.<\/p>\n\n\n\n<p>Falls du und dein Hund euch einen Einblick in diese sch\u00f6ne gemeinsame Auslastung verschaffen wollt, dann melde dich bei mir.&nbsp;<\/p>\n\n\n\n<p><em><strong>Mitbringen:<\/strong><\/em><\/p>\n\n\n\n<ul class=\"wp-block-list\">\n<li>Schleppleine (10m)<\/li>\n\n\n\n<li>Geschirr f\u00fcr den Hund<\/li>\n\n\n\n<li>Wasser<\/li>\n\n\n\n<li>Zwei Geruchsgegenst\u00e4nde (von dir getragen, T-Shirt, Socken oder \u00e4hnliches) einzeln verpackt in ein Gefrierbeutel oder in ein Glas mit Deckel<\/li>\n\n\n\n<li>Hochstehende Futterbelohnung am besten Nassfutter (sehr beliebt ist, le parfait)<\/li>\n<\/ul>\n\n\n\n<p><\/p>\n\n\n\n<p><em><strong>Preise:<\/strong><\/em><\/p>\n\n\n\n<ul class=\"wp-block-list\">\n<li>Schnuppertraining CHF 10.-<\/li>\n\n\n\n<li>Pro Training CHF 35.-<\/li>\n\n\n\n<li>10er Abo CHF 300.- (einl\u00f6sbar innerhalb \u00bd Jahr)<\/li>\n\n\n\n<li>Zahlung per twint oder bar vor Ort<\/li>\n<\/ul>\n<\/div><figure class=\"wp-block-media-text__media\"><img loading=\"lazy\" decoding=\"async\" width=\"768\" height=\"1024\" src=\"https:\/\/mesa-dog.ch\/wp-content\/uploads\/2023\/06\/TMSF2810-1-768x1024.jpg\" alt=\"\" class=\"wp-image-323 size-full\" srcset=\"https:\/\/mesa-dog.ch\/wp-content\/uploads\/2023\/06\/TMSF2810-1-768x1024.jpg 768w, https:\/\/mesa-dog.ch\/wp-content\/uploads\/2023\/06\/TMSF2810-1-225x300.jpg 225w, https:\/\/mesa-dog.ch\/wp-content\/uploads\/2023\/06\/TMSF2810-1-1152x1536.jpg 1152w, https:\/\/mesa-dog.ch\/wp-content\/uploads\/2023\/06\/TMSF2810-1.jpg 1536w\" sizes=\"auto, (max-width: 768px) 100vw, 768px\" \/><\/figure><\/div>\n<\/div><\/div>\n\n\n\n<div style=\"height:100px\" aria-hidden=\"true\" class=\"wp-block-spacer\"><\/div>\n\n\n\n<div class=\"wp-block-group alignfull has-neve-link-hover-color-background-color has-background\"><div class=\"wp-block-group__inner-container is-layout-constrained wp-block-group-is-layout-constrained\">\n<div style=\"height:50px\" aria-hidden=\"true\" class=\"wp-block-spacer\"><\/div>\n\n\n\n<h1 class=\"wp-block-heading alignfull has-text-align-center has-neve-link-hover-color-background-color has-background\">Dog Bootcamp<\/h1>\n\n\n\n<div class=\"wp-block-media-text alignwide is-stacked-on-mobile is-vertically-aligned-top has-neve-link-hover-color-background-color has-background\" style=\"grid-template-columns:29% auto\"><figure class=\"wp-block-media-text__media\"><img loading=\"lazy\" decoding=\"async\" width=\"768\" height=\"1024\" src=\"https:\/\/mesa-dog.ch\/wp-content\/uploads\/2023\/06\/IMG_4339-1-768x1024.jpg\" alt=\"\" class=\"wp-image-317 size-full\" srcset=\"https:\/\/mesa-dog.ch\/wp-content\/uploads\/2023\/06\/IMG_4339-1-768x1024.jpg 768w, https:\/\/mesa-dog.ch\/wp-content\/uploads\/2023\/06\/IMG_4339-1-225x300.jpg 225w, https:\/\/mesa-dog.ch\/wp-content\/uploads\/2023\/06\/IMG_4339-1-1152x1536.jpg 1152w, https:\/\/mesa-dog.ch\/wp-content\/uploads\/2023\/06\/IMG_4339-1-1536x2048.jpg 1536w, https:\/\/mesa-dog.ch\/wp-content\/uploads\/2023\/06\/IMG_4339-1-scaled.jpg 1920w\" sizes=\"auto, (max-width: 768px) 100vw, 768px\" \/><\/figure><div class=\"wp-block-media-text__content\">\n<p>Die Teilnehmer vom Dog Bootcamp brauchen kein Fitnesscenter. Sie trainieren gemeinsam mit ihrem Hund draussen und nutzen die vielf\u00e4ltigen Trainingsm\u00f6glichkeiten, die ihnen ihre n\u00e4chste Umgebung bietet. Das ganze Jahr \u00fcber und bei jedem Wetter. Im Vordergrund steht aber immer der Spass am gemeinsamen Sporttreiben. Trainiert wird haupts\u00e4chlich mit dem eigenen K\u00f6rpergewicht.<\/p>\n\n\n\n<p>Ob Treppe, Parkbank oder Br\u00fcckengel\u00e4nder: du trainierst mit den M\u00f6glichkeiten, die dir deine Umgebung bietet.<\/p>\n\n\n\n<p>Nach einem Warm-up mit Mensch und Hund, starten wir mit walken oder joggen.<\/p>\n\n\n\n<p>Gruppentrainings wirken motivierend. Dein Fitness-Level spielt keine Rolle. Das Training wird unabh\u00e4ngig von Kraft und Kondition zusammengestellt.<\/p>\n\n\n\n<p>Das Training dauert ca. 1 Stunde und wird kombiniert mit verschiedenen \u00dcbungen wie zum Bsp.&nbsp;Squats, Burpees, Ausfallschritte, Sit-ups und verschiedenen Stabilisations\u00fcbungen.<\/p>\n\n\n\n<p>Wenn du und dein Hund euch einen Einblick in diese coole sportliche Aktivit\u00e4t verschaffen wollt, dann melde dich bei mir.<\/p>\n\n\n\n<p>Die Trainings finden in der Region Nunningen SO statt.<\/p>\n\n\n\n<p><em><strong>Mitbringen:<\/strong><\/em><\/p>\n\n\n\n<ul class=\"wp-block-list\">\n<li>Handtuch, Hundesnacks, je nachdem Wasser f\u00fcr dich und deinen 4-Beiner<\/li>\n<\/ul>\n\n\n\n<p><\/p>\n\n\n\n<p><em><strong>Preise:<\/strong><\/em><\/p>\n\n\n\n<ul class=\"wp-block-list\">\n<li>Schnuppertraining CHF 10.-<\/li>\n\n\n\n<li>Pro Training CHF 25.-<\/li>\n\n\n\n<li>10er Abo CHF 220.- (einl\u00f6sbar innerhalb \u00bd Jahr)<\/li>\n\n\n\n<li>Zahlung per twint oder in bar vor Ort<\/li>\n<\/ul>\n<\/div><\/div>\n\n\n\n<div style=\"height:100px\" aria-hidden=\"true\" class=\"wp-block-spacer\"><\/div>\n<\/div><\/div>\n\n\n\n<div style=\"height:100px\" aria-hidden=\"true\" class=\"wp-block-spacer\"><\/div>\n\n\n\n<h1 class=\"wp-block-heading alignwide has-text-align-center\"><strong>Gruppen- und \/ oder Einzellektionen im Alltag \u2013 Lernspaziergang<\/strong><\/h1>\n\n\n\n<div style=\"height:100px\" aria-hidden=\"true\" class=\"wp-block-spacer\"><\/div>\n\n\n\n<div class=\"wp-block-group alignfull\"><div class=\"wp-block-group__inner-container is-layout-constrained wp-block-group-is-layout-constrained\">\n<div class=\"wp-block-media-text alignwide has-media-on-the-right is-stacked-on-mobile is-vertically-aligned-top\" style=\"grid-template-columns:auto 28%\"><div class=\"wp-block-media-text__content\">\n<p>Wir sind zusammen unterwegs um allt\u00e4gliche Situationen zu trainieren.&nbsp;<\/p>\n\n\n\n<p>Wir gehen in den \u00f6ffentlichen Raum und n\u00fctzen dies als Trainingsplatz. W\u00e4hrend des Spaziergangs \/ Trainings werden Hund und Halter immer wieder mit allt\u00e4glichen Situationen konfrontiert. Begegnungen jeglicher Art (Menschen, Fahrrad, Auto etc.)<\/p>\n\n\n\n<p>M\u00f6chtest auch du dabei sein bei einem entspannten Spaziergang \/ Training mit Lerneffekt, netten Austausch unter Gleichgesinnten?<\/p>\n\n\n\n<p>Dann bist du mit deinem Hund herzlichst Willkommen. F\u00fcr weitere Infos melde dich bei mir.<\/p>\n\n\n\n<p>Der Treffpunkt und was du mitbringen sollst, wird vor dem Training bekannt gegeben.<\/p>\n\n\n\n<p><em><strong>Preise:<\/strong><\/em><\/p>\n\n\n\n<ul class=\"wp-block-list\">\n<li>Schnuppertraining Gruppenspaziergang CHF 10.-<\/li>\n\n\n\n<li>Pro Gruppenspaziergang CHF 25.-<\/li>\n\n\n\n<li>Einzellektion CHF 50.-<\/li>\n\n\n\n<li>10er Abo f\u00fcr Gruppenspaziergang CHF 220.- (einl\u00f6sbar innerhalb \u00bd Jahr)<\/li>\n\n\n\n<li>Zahlung per twint oder in bar vor Ort<\/li>\n<\/ul>\n<\/div><figure class=\"wp-block-media-text__media\"><img loading=\"lazy\" decoding=\"async\" width=\"768\" height=\"1024\" src=\"https:\/\/mesa-dog.ch\/wp-content\/uploads\/2023\/06\/NLIT6901.jpg\" alt=\"\" class=\"wp-image-259 size-full\" srcset=\"https:\/\/mesa-dog.ch\/wp-content\/uploads\/2023\/06\/NLIT6901.jpg 768w, https:\/\/mesa-dog.ch\/wp-content\/uploads\/2023\/06\/NLIT6901-225x300.jpg 225w\" sizes=\"auto, (max-width: 768px) 100vw, 768px\" \/><\/figure><\/div>\n<\/div><\/div>\n\n\n\n<div style=\"height:100px\" aria-hidden=\"true\" class=\"wp-block-spacer\"><\/div>\n\n\n\n<div class=\"wp-block-group alignfull has-neve-link-hover-color-background-color has-background\"><div class=\"wp-block-group__inner-container is-layout-constrained wp-block-group-is-layout-constrained\">\n<div style=\"height:50px\" aria-hidden=\"true\" class=\"wp-block-spacer\"><\/div>\n\n\n\n<h1 class=\"wp-block-heading alignfull has-text-align-center has-neve-link-hover-color-background-color has-background\">Animal Essential Touch Methode<\/h1>\n\n\n\n<div class=\"wp-block-media-text alignwide is-stacked-on-mobile is-vertically-aligned-top has-neve-link-hover-color-background-color has-background\" style=\"grid-template-columns:29% auto\"><figure class=\"wp-block-media-text__media\"><img loading=\"lazy\" decoding=\"async\" width=\"768\" height=\"1024\" src=\"https:\/\/mesa-dog.ch\/wp-content\/uploads\/2023\/06\/BEYT3110-768x1024.jpg\" alt=\"\" class=\"wp-image-280 size-full\" srcset=\"https:\/\/mesa-dog.ch\/wp-content\/uploads\/2023\/06\/BEYT3110-768x1024.jpg 768w, https:\/\/mesa-dog.ch\/wp-content\/uploads\/2023\/06\/BEYT3110-225x300.jpg 225w, https:\/\/mesa-dog.ch\/wp-content\/uploads\/2023\/06\/BEYT3110-1152x1536.jpg 1152w, https:\/\/mesa-dog.ch\/wp-content\/uploads\/2023\/06\/BEYT3110.jpg 1536w\" sizes=\"auto, (max-width: 768px) 100vw, 768px\" \/><\/figure><div class=\"wp-block-media-text__content\">\n<p>M\u00f6chtest du deinem Tier etwas Gutes tun? Hast du das Gef\u00fchl, es ist gestresst, aggressiv, \u00e4ngstlich, unsicher? Oder w\u00fcnschst du ihm einfach etwas Entspannung?<\/p>\n\n\n\n<p>Die Animal Essential Touch Methode wurde entwickelt, um K\u00f6rper, Geist und Seele von Pferd, Hund und Katze ins Gleichgewicht zu bringen. Die Anwendungsm\u00f6glichkeiten sind sehr vielseitig. So kann sie eingesetzt werden zur Unterst\u00fctzung:<\/p>\n\n\n\n<p>\u200b<\/p>\n\n\n\n<ul class=\"wp-block-list\">\n<li>des Immunsystems<\/li>\n\n\n\n<li>des Bewegungsapparats<\/li>\n\n\n\n<li>der emotionalen Balance<\/li>\n\n\n\n<li>des Herzkreislaufsystems<\/li>\n\n\n\n<li>des Verdauungssystems<\/li>\n\n\n\n<li>der Entspannung nach einem strengen Tag oder einer harten Pr\u00fcfung<\/li>\n<\/ul>\n\n\n\n<p>\u200b\u200b<\/p>\n\n\n\n<p>Es ist beeindruckend zu sehen, wie sich das Tier unter der Anwendung mit \u00e4therischen \u00d6len entspannt, runterf\u00e4hrt und einfach geniesst. Die Behandlung ist damit eine wertvolle Erfahrung f\u00fcr Tier und Mensch.<\/p>\n\n\n\n<p><strong>Wichtige Info:<\/strong><\/p>\n\n\n\n<p>Heilversprechen oder Diagnosen \u00fcber Krankheiten oder ihren Verl\u00e4ufen werden keine gestellt. Die Behandlung kann weder einen Arztbesuch noch verordnete Medikamente oder Therapien ersetzen, auch keine Behandlung durch einen Heilpraktiker. Die Behandlung dient der Entspannung und zur Unterst\u00fctzung des Immunsystems.<\/p>\n\n\n\n<p>Es werden nur 100% reine \u00e4therische \u00d6le verwendet.<\/p>\n\n\n\n<p><strong>Kosten:<\/strong> &#8211; pro Behandlung CHF 80.00<\/p>\n\n\n\n<p>Bei einer Anfahrt von mehr als 20km wird ein Aufpreis verlangt<\/p>\n<\/div><\/div>\n\n\n\n<div style=\"height:100px\" aria-hidden=\"true\" class=\"wp-block-spacer\"><\/div>\n<\/div><\/div>\n\n\n\n<div class=\"wp-block-cover alignfull has-parallax is-position-center-center\" style=\"min-height:676px;aspect-ratio:unset;\"><span aria-hidden=\"true\" class=\"wp-block-cover__background has-black-background-color has-background-dim-40 has-background-dim\"><\/span><div role=\"img\" class=\"wp-block-cover__image-background wp-image-374 has-parallax\" style=\"background-position:50% 50%;background-image:url(https:\/\/mesa-dog.ch\/wp-content\/uploads\/2023\/09\/iStock-681441500-scaled.jpg)\"><\/div><div class=\"wp-block-cover__inner-container is-layout-flow wp-block-cover-is-layout-flow\">\n<p class=\"has-text-align-center has-text-color has-huge-font-size\" style=\"color:#fffffa;line-height:1.1\"><strong>Pfotenliebe<\/strong><\/p>\n\n\n\n<p class=\"has-text-align-center has-neve-link-color-color has-text-color\">Mehr Zeit mit deinem Hund verbringen<\/p>\n\n\n\n<div style=\"height:39px\" aria-hidden=\"true\" class=\"wp-block-spacer\"><\/div>\n\n\n\n<div class=\"wp-block-buttons is-horizontal is-content-justification-center is-layout-flex wp-container-core-buttons-is-layout-499968f5 wp-block-buttons-is-layout-flex\">\n<div class=\"wp-block-button is-style-outline is-style-outline--1\"><a class=\"wp-block-button__link has-white-color has-text-color wp-element-button\" href=\"http:\/\/mesa-dog.ch\/?page_id=42\">Kontaktiere mich<\/a><\/div>\n<\/div>\n<\/div><\/div>\n","protected":false},"excerpt":{"rendered":"<p>Mantrailing &#8211; Personensuche Als Team zum gemeinsamen Erfolg.&nbsp; Du und dein Vierbeiner gehen zusammen auf Spurensuche. Ziel ist es durch einen Geruchsgegenstand die vermisste \/ versteckte Person aufzusp\u00fcren. Das gemeinsame Tun mit deinem Hund, st\u00e4rkt die Bindung, macht Spass und l\u00f6st Gl\u00fccksgef\u00fchle aus. Damit sich jedes Team unter Beweis stellen kann, beschr\u00e4nkt sich die Teamanzahl&hellip;&nbsp;<a href=\"https:\/\/mesa-dog.ch\/?page_id=43\" class=\"\" rel=\"bookmark\">Weiterlesen &raquo;<span class=\"screen-reader-text\">Angebot<\/span><\/a><\/p>\n","protected":false},"author":1,"featured_media":0,"parent":0,"menu_order":0,"comment_status":"closed","ping_status":"closed","template":"","meta":{"neve_meta_sidebar":"","neve_meta_container":"","neve_meta_enable_content_width":"","neve_meta_content_width":0,"neve_meta_title_alignment":"","neve_meta_author_avatar":"","neve_post_elements_order":"","neve_meta_disable_header":"","neve_meta_disable_footer":"","neve_meta_disable_title":"","footnotes":""},"class_list":["post-43","page","type-page","status-publish","hentry"],"yoast_head":"<!-- This site is optimized with the Yoast SEO plugin v21.1 - https:\/\/yoast.com\/wordpress\/plugins\/seo\/ -->\n<title>Angebot - Mesa-Dog<\/title>\n<meta name=\"robots\" content=\"index, follow, max-snippet:-1, max-image-preview:large, max-video-preview:-1\" \/>\n<link rel=\"canonical\" href=\"https:\/\/mesa-dog.ch\/?page_id=43\" \/>\n<meta property=\"og:locale\" content=\"de_DE\" \/>\n<meta property=\"og:type\" content=\"article\" \/>\n<meta property=\"og:title\" content=\"Angebot - Mesa-Dog\" \/>\n<meta property=\"og:description\" content=\"Mantrailing &#8211; Personensuche Als Team zum gemeinsamen Erfolg.&nbsp; Du und dein Vierbeiner gehen zusammen auf Spurensuche. Ziel ist es durch einen Geruchsgegenstand die vermisste \/ versteckte Person aufzusp\u00fcren. Das gemeinsame Tun mit deinem Hund, st\u00e4rkt die Bindung, macht Spass und l\u00f6st Gl\u00fccksgef\u00fchle aus. Damit sich jedes Team unter Beweis stellen kann, beschr\u00e4nkt sich die Teamanzahl&hellip;&nbsp;Weiterlesen &raquo;Angebot\" \/>\n<meta property=\"og:url\" content=\"https:\/\/mesa-dog.ch\/?page_id=43\" \/>\n<meta property=\"og:site_name\" content=\"Mesa-Dog\" \/>\n<meta property=\"article:modified_time\" content=\"2023-09-05T15:58:39+00:00\" \/>\n<meta property=\"og:image\" content=\"https:\/\/mesa-dog.ch\/wp-content\/uploads\/2023\/06\/TMSF2810-1-768x1024.jpg\" \/>\n<meta name=\"twitter:card\" content=\"summary_large_image\" \/>\n<meta name=\"twitter:label1\" content=\"Gesch\u00e4tzte Lesezeit\" \/>\n\t<meta name=\"twitter:data1\" content=\"3\u00a0Minuten\" \/>\n<script type=\"application\/ld+json\" class=\"yoast-schema-graph\">{\"@context\":\"https:\/\/schema.org\",\"@graph\":[{\"@type\":\"WebPage\",\"@id\":\"https:\/\/mesa-dog.ch\/?page_id=43\",\"url\":\"https:\/\/mesa-dog.ch\/?page_id=43\",\"name\":\"Angebot - Mesa-Dog\",\"isPartOf\":{\"@id\":\"https:\/\/mesa-dog.ch\/#website\"},\"datePublished\":\"2022-02-02T09:43:08+00:00\",\"dateModified\":\"2023-09-05T15:58:39+00:00\",\"breadcrumb\":{\"@id\":\"https:\/\/mesa-dog.ch\/?page_id=43#breadcrumb\"},\"inLanguage\":\"de\",\"potentialAction\":[{\"@type\":\"ReadAction\",\"target\":[\"https:\/\/mesa-dog.ch\/?page_id=43\"]}]},{\"@type\":\"BreadcrumbList\",\"@id\":\"https:\/\/mesa-dog.ch\/?page_id=43#breadcrumb\",\"itemListElement\":[{\"@type\":\"ListItem\",\"position\":1,\"name\":\"Startseite\",\"item\":\"https:\/\/mesa-dog.ch\/\"},{\"@type\":\"ListItem\",\"position\":2,\"name\":\"Angebot\"}]},{\"@type\":\"WebSite\",\"@id\":\"https:\/\/mesa-dog.ch\/#website\",\"url\":\"https:\/\/mesa-dog.ch\/\",\"name\":\"Mesa-Dog\",\"description\":\"\",\"publisher\":{\"@id\":\"https:\/\/mesa-dog.ch\/#\/schema\/person\/63b85a3d0ac16d86a57d4eaabf957222\"},\"potentialAction\":[{\"@type\":\"SearchAction\",\"target\":{\"@type\":\"EntryPoint\",\"urlTemplate\":\"https:\/\/mesa-dog.ch\/?s={search_term_string}\"},\"query-input\":\"required name=search_term_string\"}],\"inLanguage\":\"de\"},{\"@type\":[\"Person\",\"Organization\"],\"@id\":\"https:\/\/mesa-dog.ch\/#\/schema\/person\/63b85a3d0ac16d86a57d4eaabf957222\",\"name\":\"admin\",\"image\":{\"@type\":\"ImageObject\",\"inLanguage\":\"de\",\"@id\":\"https:\/\/mesa-dog.ch\/#\/schema\/person\/image\/\",\"url\":\"https:\/\/mesa-dog.ch\/wp-content\/uploads\/2023\/09\/Slider1.png\",\"contentUrl\":\"https:\/\/mesa-dog.ch\/wp-content\/uploads\/2023\/09\/Slider1.png\",\"width\":1200,\"height\":600,\"caption\":\"admin\"},\"logo\":{\"@id\":\"https:\/\/mesa-dog.ch\/#\/schema\/person\/image\/\"},\"sameAs\":[\"https:\/\/mesa-dog.ch\"]}]}<\/script>\n<!-- \/ Yoast SEO plugin. -->","yoast_head_json":{"title":"Angebot - Mesa-Dog","robots":{"index":"index","follow":"follow","max-snippet":"max-snippet:-1","max-image-preview":"max-image-preview:large","max-video-preview":"max-video-preview:-1"},"canonical":"https:\/\/mesa-dog.ch\/?page_id=43","og_locale":"de_DE","og_type":"article","og_title":"Angebot - Mesa-Dog","og_description":"Mantrailing &#8211; Personensuche Als Team zum gemeinsamen Erfolg.&nbsp; Du und dein Vierbeiner gehen zusammen auf Spurensuche. Ziel ist es durch einen Geruchsgegenstand die vermisste \/ versteckte Person aufzusp\u00fcren. Das gemeinsame Tun mit deinem Hund, st\u00e4rkt die Bindung, macht Spass und l\u00f6st Gl\u00fccksgef\u00fchle aus. Damit sich jedes Team unter Beweis stellen kann, beschr\u00e4nkt sich die Teamanzahl&hellip;&nbsp;Weiterlesen &raquo;Angebot","og_url":"https:\/\/mesa-dog.ch\/?page_id=43","og_site_name":"Mesa-Dog","article_modified_time":"2023-09-05T15:58:39+00:00","og_image":[{"url":"https:\/\/mesa-dog.ch\/wp-content\/uploads\/2023\/06\/TMSF2810-1-768x1024.jpg"}],"twitter_card":"summary_large_image","twitter_misc":{"Gesch\u00e4tzte Lesezeit":"3\u00a0Minuten"},"schema":{"@context":"https:\/\/schema.org","@graph":[{"@type":"WebPage","@id":"https:\/\/mesa-dog.ch\/?page_id=43","url":"https:\/\/mesa-dog.ch\/?page_id=43","name":"Angebot - Mesa-Dog","isPartOf":{"@id":"https:\/\/mesa-dog.ch\/#website"},"datePublished":"2022-02-02T09:43:08+00:00","dateModified":"2023-09-05T15:58:39+00:00","breadcrumb":{"@id":"https:\/\/mesa-dog.ch\/?page_id=43#breadcrumb"},"inLanguage":"de","potentialAction":[{"@type":"ReadAction","target":["https:\/\/mesa-dog.ch\/?page_id=43"]}]},{"@type":"BreadcrumbList","@id":"https:\/\/mesa-dog.ch\/?page_id=43#breadcrumb","itemListElement":[{"@type":"ListItem","position":1,"name":"Startseite","item":"https:\/\/mesa-dog.ch\/"},{"@type":"ListItem","position":2,"name":"Angebot"}]},{"@type":"WebSite","@id":"https:\/\/mesa-dog.ch\/#website","url":"https:\/\/mesa-dog.ch\/","name":"Mesa-Dog","description":"","publisher":{"@id":"https:\/\/mesa-dog.ch\/#\/schema\/person\/63b85a3d0ac16d86a57d4eaabf957222"},"potentialAction":[{"@type":"SearchAction","target":{"@type":"EntryPoint","urlTemplate":"https:\/\/mesa-dog.ch\/?s={search_term_string}"},"query-input":"required name=search_term_string"}],"inLanguage":"de"},{"@type":["Person","Organization"],"@id":"https:\/\/mesa-dog.ch\/#\/schema\/person\/63b85a3d0ac16d86a57d4eaabf957222","name":"admin","image":{"@type":"ImageObject","inLanguage":"de","@id":"https:\/\/mesa-dog.ch\/#\/schema\/person\/image\/","url":"https:\/\/mesa-dog.ch\/wp-content\/uploads\/2023\/09\/Slider1.png","contentUrl":"https:\/\/mesa-dog.ch\/wp-content\/uploads\/2023\/09\/Slider1.png","width":1200,"height":600,"caption":"admin"},"logo":{"@id":"https:\/\/mesa-dog.ch\/#\/schema\/person\/image\/"},"sameAs":["https:\/\/mesa-dog.ch"]}]}},"_links":{"self":[{"href":"https:\/\/mesa-dog.ch\/index.php?rest_route=\/wp\/v2\/pages\/43","targetHints":{"allow":["GET"]}}],"collection":[{"href":"https:\/\/mesa-dog.ch\/index.php?rest_route=\/wp\/v2\/pages"}],"about":[{"href":"https:\/\/mesa-dog.ch\/index.php?rest_route=\/wp\/v2\/types\/page"}],"author":[{"embeddable":true,"href":"https:\/\/mesa-dog.ch\/index.php?rest_route=\/wp\/v2\/users\/1"}],"replies":[{"embeddable":true,"href":"https:\/\/mesa-dog.ch\/index.php?rest_route=%2Fwp%2Fv2%2Fcomments&post=43"}],"version-history":[{"count":19,"href":"https:\/\/mesa-dog.ch\/index.php?rest_route=\/wp\/v2\/pages\/43\/revisions"}],"predecessor-version":[{"id":377,"href":"https:\/\/mesa-dog.ch\/index.php?rest_route=\/wp\/v2\/pages\/43\/revisions\/377"}],"wp:attachment":[{"href":"https:\/\/mesa-dog.ch\/index.php?rest_route=%2Fwp%2Fv2%2Fmedia&parent=43"}],"curies":[{"name":"wp","href":"https:\/\/api.w.org\/{rel}","templated":true}]}}